{"id":90,"date":"2019-08-26T10:31:42","date_gmt":"2019-08-26T08:31:42","guid":{"rendered":"http:\/\/bo-bremen.net\/?page_id=90"},"modified":"2021-09-28T08:17:15","modified_gmt":"2021-09-28T06:17:15","slug":"ueber-das-projekt","status":"publish","type":"page","link":"https:\/\/www.bo-gyo-bremen.de\/index.php\/ueber-das-projekt\/","title":{"rendered":"Informationen f\u00fcr Lehrkr\u00e4fte"},"content":{"rendered":"\n<p>Im Rahmen des Projektes BOGyO sind diverse Expert*inneninterviews mit Auszubildenden, Ausbildern und Berufst\u00e4tigen aus regionalen Unternehmen entstanden, die Ihnen bald auf der Plattform itslearning zur Verf\u00fcgung gestellt werden. Die Videos wurden mit dem Programm H5P bearbeitet und sind mit Aufgaben, n\u00fctzlichen Links und Hinweisen versehen worden. Dies erm\u00f6glicht einen flexiblen Einsatz der Videos. Hier ein Beispiel:<\/p>\n\n\n\n<div class=\"h5p-iframe-wrapper\"><iframe id=\"h5p-iframe-13\" class=\"h5p-iframe\" data-content-id=\"13\" style=\"height:1px\" src=\"about:blank\" frameBorder=\"0\" scrolling=\"no\" title=\"BLG LOGISTICS GROUP Andrew Safo\"><\/iframe><\/div>\n\n\n\n<p>Das Projekt BO-GyO \u2013 Berufliche Orientierung an den gymnasialen Oberstufen im Land Bremen \u2013 hat zum Ziel die Berufliche Orientierung an den Oberstufen im Land Bremen weiterzuentwickeln.<\/p>\n\n\n\n<p><strong>Ma\u00dfnahmen, an denen die Schulen w\u00e4hrend der Projektlaufzeit teilnehmen k\u00f6nnen, sind u.a.<\/strong>:<\/p>\n\n\n\n<ul class=\"wp-block-list\"><li>Durchf\u00fchrung des geva-tests &#8222;Studium und Beruf&#8220;\u2013 ein bew\u00e4hrter Test auf freiwilliger Basis zur Kompetenzfeststellung mit Blick auf Berufs- und Studienwahl<\/li><li>Feedback-Gespr\u00e4che auf freiwilliger Basis f\u00fcr Sch\u00fcler*innen zu den Ergebnissen des geva-tests &#8211; gemeinsame Reflexion der Testergebnisse f\u00fcr vertiefende Informationen zu St\u00e4rken, Entwicklungspotentialen und beruflichen Interessen<\/li><li>Durchf\u00fchrung eines itslearning-Kurs zur Beruflichen Orientierung und Nutzung der Futurebox \u2013 ein e-portfolio zur Dokumentation der Erfahrungen und Ergebnisse im Prozess der Studien- und Berufsorientierung<\/li><li>LIS-Fortbildung zur Nutzung von &#8222;Expert*inneninterviews&#8220; als digitale Praxiskontakte<\/li><li>Weitere Beratungsleistungen zur Weiterentwicklung der Beruflichen Orientierung im Rahmen des Unterrichts.<\/li><li>Unterst\u00fctzung bei der Weiterentwicklung der schuleigenen BO-Konzepte<\/li><\/ul>\n\n\n\n<p>Diese Angebote werden im Auftrag der Senatorin f\u00fcr Kinder und Bildung durchgef\u00fchrt. Erste Erfahrungen haben gezeigt, dass die angebotenen Ma\u00dfnahmen bei den Sch\u00fcler*innen auf gute Resonanz treffen. Haben Sie Interesse, dass wir Sie bei der Umsetzung von Ma\u00dfnahmen zur Beruflichen Orientierung unterst\u00fctzen oder sonstige Fragen? Dann wenden Sie sich einfach an Lisa Vogt (Universit\u00e4t Bremen) unter dieser Mailadresse: l.vogt@uni-bremen.de. <\/p>\n\n\n\n<p>Im <strong>operativen Bereich<\/strong> erfolgt eine Unterst\u00fctzung durch das Bildungszentrum der Wirtschaft e.V. (BWU) in Form von begleitenden Feedbackgespr\u00e4chen zu den geva-tests sowie der Gestaltung von Praxisphasen und anschlie\u00dfenden Reflexionsworkshops.<\/p>\n\n\n\n<p>Im Folgeprozess wird eine Beratung durch die Berufs- u. Studienberatung der Agentur f\u00fcr Arbeit Bremen-Bremerhaven initiiert.<\/p>\n\n\n\n<p>Die <strong>Durchf\u00fchrung dieser Ma\u00dfnahmen wird wissenschaftlich begleitet<\/strong>. Das bedeutet vor und ggf. nach der Teilnahme an den Angeboten des BO-GyO Projektes werden durch die Universit\u00e4t Bremen und das Institut der \u00d6konomischen Bildung an der Universit\u00e4t Oldenburg Befragungen durchgef\u00fchrt. Diese Befragungen richten sich an die Sch\u00fcler*innen, um z.B. den Berufswahlstatus abzufragen oder die durchgef\u00fchrten Angebote zu evaluieren. Die Teilnahme ist f\u00fcr die Sch\u00fcler*innen selbstverst\u00e4ndlich anonym und freiwillig.<\/p>\n\n\n\n<p>Uns ist bewusst, dass Sie durch die Erhebung bei den Sch\u00fcler*innen einen Mehraufwand haben. Jedoch ist die Studie sehr wichtig, um zu einer nachhaltig guten Berufsorientierung beizutragen. Durch die Erhebung k\u00f6nnen wir erkennen, ob und welche Auswirkungen die angewandten Instrumente, wie z. B. der geva-Test, auf den Orientierungsprozess der Sch\u00fcler*innen haben. <\/p>\n\n\n\n<p>Au\u00dferdem ist es geplant, die BO-Kr\u00e4fte an den Schulen im\nLand Bremen zu befragen, um u.a. herauszufinden was in Bezug auf die Berufliche\nOrientierung an den Oberstufen gut l\u00e4uft sowie Herausforderungen und\nHandlungsbedarfe bestehen. Durch die Studie wird es auch einfacher sein, neue\nProjekte und neue Ma\u00dfnahmen f\u00fcr Schulen genehmigt zu bekommen.<\/p>\n\n\n\n<p><strong>Auftraggeber:<\/strong> Die Senatorin f\u00fcr Kinder und Bildung Bremen<\/p>\n\n\n\n<p><strong>Projektlaufzeit<\/strong>: Schuljahr 2018\/19 bis Ende Schuljahr 2020\/21<\/p>\n\n\n\n<p><strong>F\u00f6rderung:<\/strong> Bundesministerium f\u00fcr Bildung und Forschung<\/p>\n","protected":false},"excerpt":{"rendered":"<p>Im Rahmen des Projektes BOGyO sind diverse Expert*inneninterviews mit Auszubildenden, Ausbildern und Berufst\u00e4tigen aus regionalen Unternehmen entstanden, die Ihnen bald auf der Plattform itslearning zur Verf\u00fcgung gestellt werden. Die Videos wurden mit dem Programm H5P bearbeitet und sind mit Aufgaben, n\u00fctzlichen Links und Hinweisen versehen worden. Dies erm\u00f6glicht einen flexiblen Einsatz der Videos. Hier ein<\/p><\/div>\n<div class=\"blog-btn\"><a href=\"https:\/\/www.bo-gyo-bremen.de\/index.php\/ueber-das-projekt\/\" class=\"home-blog-btn\">Weiterlesen<\/a><\/p>\n","protected":false},"author":1,"featured_media":0,"parent":0,"menu_order":0,"comment_status":"closed","ping_status":"closed","template":"page-templates\/no-sidebar.php","meta":{"footnotes":""},"class_list":["post-90","page","type-page","status-publish","hentry"],"_links":{"self":[{"href":"https:\/\/www.bo-gyo-bremen.de\/index.php\/wp-json\/wp\/v2\/pages\/90","targetHints":{"allow":["GET"]}}],"collection":[{"href":"https:\/\/www.bo-gyo-bremen.de\/index.php\/wp-json\/wp\/v2\/pages"}],"about":[{"href":"https:\/\/www.bo-gyo-bremen.de\/index.php\/wp-json\/wp\/v2\/types\/page"}],"author":[{"embeddable":true,"href":"https:\/\/www.bo-gyo-bremen.de\/index.php\/wp-json\/wp\/v2\/users\/1"}],"replies":[{"embeddable":true,"href":"https:\/\/www.bo-gyo-bremen.de\/index.php\/wp-json\/wp\/v2\/comments?post=90"}],"version-history":[{"count":17,"href":"https:\/\/www.bo-gyo-bremen.de\/index.php\/wp-json\/wp\/v2\/pages\/90\/revisions"}],"predecessor-version":[{"id":382,"href":"https:\/\/www.bo-gyo-bremen.de\/index.php\/wp-json\/wp\/v2\/pages\/90\/revisions\/382"}],"wp:attachment":[{"href":"https:\/\/www.bo-gyo-bremen.de\/index.php\/wp-json\/wp\/v2\/media?parent=90"}],"curies":[{"name":"wp","href":"https:\/\/api.w.org\/{rel}","templated":true}]}}