{"id":500,"date":"2022-01-11T13:45:32","date_gmt":"2022-01-11T12:45:32","guid":{"rendered":"https:\/\/www.bo-gyo-bremen.de\/?page_id=500"},"modified":"2022-02-08T14:00:46","modified_gmt":"2022-02-08T13:00:46","slug":"erklaervideos","status":"publish","type":"page","link":"https:\/\/www.bo-gyo-bremen.de\/index.php\/erklaervideos\/","title":{"rendered":"Erkl\u00e4rvideos"},"content":{"rendered":"\n<h2 class=\"wp-block-heading\" id=\"erklarvideo-fur-lehrer-innen-und-padagogische-fachkrafte\"><strong>Erkl\u00e4rvideo f\u00fcr Lehrer*innen und p\u00e4dagogische Fachkr\u00e4fte<\/strong><\/h2>\n\n\n\n<p>Um den Herausforderungen in heterogenen Klassen und im Besonderen in der Phase der Beruflichen Orientierung als Lehrer*in oder p\u00e4dagogischer Fachkraft mit mehr Sicherheit und Gelassenheit begegnen zu k\u00f6nnen, ist eine umfassende Besch\u00e4ftigung mit diskriminierungssensiblen Themen notwendig. F\u00fcr einen ersten Einstieg wurden im Projekt BOGyO f\u00fcnf Erkl\u00e4rvideos entwickelt und von Lehrkr\u00e4ften evaluiert. In den f\u00fcr das Projekt durchgef\u00fchrten Interviews gaben Lehrkr\u00e4fte an, Fragen zu den Themenfeldern Intersektionalit\u00e4t, Antimuslimischer Rassismus, Empowerment, Berufsbiographien und Elternarbeit zu haben. Diese werden in den nachfolgenden Erkl\u00e4rvideos beleuchtet und versprechen Ihnen zeitschonende und pr\u00e4gnante Einstiege. Die Videos fokussieren dabei auf eine ressourcen- und individuenorientierten Begleitung von Sch\u00fcler*innen in einer sensiblen Phase, w\u00e4hrend sie gleichzeitig gesellschaftlich strukturelle Bedingungen nicht aus dem Blick verlieren.<\/p>\n\n\n\n<p>Weiterhin steht eine vertiefende Handreichung zur Verf\u00fcgung, welche spezifische Aspekte der Erkl\u00e4rvideos aufgreift und umfassendere Informationen zur eigenen Recherche und Kompetenzerweiterung anbietet.<\/p>\n\n\n\n<p><\/p>\n\n\n\n<p><\/p>\n\n\n\n<h2 class=\"wp-block-heading\" id=\"handreichung-fur-die-erklarvideos\">Handreichung f\u00fcr die Erkl\u00e4rvideos<\/h2>\n\n\n\n<div data-wp-interactive=\"core\/file\" class=\"wp-block-file\"><object data-wp-bind--hidden=\"!state.hasPdfPreview\" hidden class=\"wp-block-file__embed\" data=\"https:\/\/www.bo-gyo-bremen.de\/wp-content\/uploads\/2022\/01\/BOGyO_Handreichung_Erklaervideos.pdf\" type=\"application\/pdf\" style=\"width:100%;height:600px\" aria-label=\"Einbettung von Einbettung von BOGyO_Handreichung_Erklaervideos..\"><\/object><a id=\"wp-block-file--media-15b4c16e-7955-4a39-95ca-7fea1ddfdda6\" href=\"https:\/\/www.bo-gyo-bremen.de\/wp-content\/uploads\/2022\/01\/BOGyO_Handreichung_Erklaervideos.pdf\">BOGyO_Handreichung_Erklaervideos<\/a><a href=\"https:\/\/www.bo-gyo-bremen.de\/wp-content\/uploads\/2022\/01\/BOGyO_Handreichung_Erklaervideos.pdf\" class=\"wp-block-file__button\" download aria-describedby=\"wp-block-file--media-15b4c16e-7955-4a39-95ca-7fea1ddfdda6\">Herunterladen<\/a><\/div>\n\n\n\n<p><\/p>\n\n\n\n<h2 class=\"wp-block-heading\" id=\"antimuslimischer-rassismus\">Antimuslimischer Rassismus <\/h2>\n\n\n\n<figure class=\"wp-block-embed is-type-video is-provider-youtube wp-block-embed-youtube wp-embed-aspect-16-9 wp-has-aspect-ratio\"><div class=\"wp-block-embed__wrapper\">\n<iframe loading=\"lazy\" title=\"Antimuslimischer Rassismus im Kontext von beruflicher Orientierung\" width=\"696\" height=\"392\" src=\"https:\/\/www.youtube.com\/embed\/-Bdl4AkJ2Tk?feature=oembed\" frameborder=\"0\" allow=\"accelerometer; autoplay; clipboard-write; encrypted-media; gyroscope; picture-in-picture; web-share\" allowfullscreen><\/iframe>\n<\/div><\/figure>\n\n\n\n<h2 class=\"wp-block-heading\" id=\"intersektionalitat\">Intersektionalit\u00e4t<\/h2>\n\n\n\n<figure class=\"wp-block-embed is-type-video is-provider-youtube wp-block-embed-youtube wp-embed-aspect-16-9 wp-has-aspect-ratio\"><div class=\"wp-block-embed__wrapper\">\n<iframe loading=\"lazy\" title=\"Intersektionalit\u00e4t\" width=\"696\" height=\"392\" src=\"https:\/\/www.youtube.com\/embed\/H2hpnrb15w0?feature=oembed\" frameborder=\"0\" allow=\"accelerometer; autoplay; clipboard-write; encrypted-media; gyroscope; picture-in-picture; web-share\" allowfullscreen><\/iframe>\n<\/div><\/figure>\n\n\n\n\n\n<h2 class=\"wp-block-heading\" id=\"berufsbiographien\">Berufsbiographien<\/h2>\n\n\n\n<figure class=\"wp-block-embed is-type-video is-provider-youtube wp-block-embed-youtube wp-embed-aspect-16-9 wp-has-aspect-ratio\"><div class=\"wp-block-embed__wrapper\">\n<iframe loading=\"lazy\" title=\"Berufsbiographien\" width=\"696\" height=\"392\" src=\"https:\/\/www.youtube.com\/embed\/Nld239Tq7F8?feature=oembed\" frameborder=\"0\" allow=\"accelerometer; autoplay; clipboard-write; encrypted-media; gyroscope; picture-in-picture; web-share\" allowfullscreen><\/iframe>\n<\/div><\/figure>\n\n\n\n<h2 class=\"wp-block-heading\" id=\"empowerment\">Empowerment<\/h2>\n\n\n\n<figure class=\"wp-block-embed is-type-video is-provider-youtube wp-block-embed-youtube wp-embed-aspect-16-9 wp-has-aspect-ratio\"><div class=\"wp-block-embed__wrapper\">\n<iframe loading=\"lazy\" title=\"Empowerment\" width=\"696\" height=\"392\" src=\"https:\/\/www.youtube.com\/embed\/7CTdQFPpqoE?feature=oembed\" frameborder=\"0\" allow=\"accelerometer; autoplay; clipboard-write; encrypted-media; gyroscope; picture-in-picture; web-share\" allowfullscreen><\/iframe>\n<\/div><\/figure>\n\n\n\n<h2 class=\"wp-block-heading\" id=\"elternarbeit\">Elternarbeit<\/h2>\n\n\n\n<figure class=\"wp-block-embed is-type-video is-provider-youtube wp-block-embed-youtube wp-embed-aspect-16-9 wp-has-aspect-ratio\"><div class=\"wp-block-embed__wrapper\">\n<iframe loading=\"lazy\" title=\"Elternarbeit\" width=\"696\" height=\"392\" src=\"https:\/\/www.youtube.com\/embed\/3nH_xpn7OKw?feature=oembed\" frameborder=\"0\" allow=\"accelerometer; autoplay; clipboard-write; encrypted-media; gyroscope; picture-in-picture; web-share\" allowfullscreen><\/iframe>\n<\/div><\/figure>\n","protected":false},"excerpt":{"rendered":"<p>Erkl\u00e4rvideo f\u00fcr Lehrer*innen und p\u00e4dagogische Fachkr\u00e4fte Um den Herausforderungen in heterogenen Klassen und im Besonderen in der Phase der Beruflichen Orientierung als Lehrer*in oder p\u00e4dagogischer Fachkraft mit mehr Sicherheit und Gelassenheit begegnen zu k\u00f6nnen, ist eine umfassende Besch\u00e4ftigung mit diskriminierungssensiblen Themen notwendig. F\u00fcr einen ersten Einstieg wurden im Projekt BOGyO f\u00fcnf Erkl\u00e4rvideos entwickelt und von<\/p><\/div>\n<div class=\"blog-btn\"><a href=\"https:\/\/www.bo-gyo-bremen.de\/index.php\/erklaervideos\/\" class=\"home-blog-btn\">Weiterlesen<\/a><\/p>\n","protected":false},"author":4,"featured_media":0,"parent":0,"menu_order":0,"comment_status":"closed","ping_status":"closed","template":"","meta":{"footnotes":""},"class_list":["post-500","page","type-page","status-publish","hentry"],"_links":{"self":[{"href":"https:\/\/www.bo-gyo-bremen.de\/index.php\/wp-json\/wp\/v2\/pages\/500","targetHints":{"allow":["GET"]}}],"collection":[{"href":"https:\/\/www.bo-gyo-bremen.de\/index.php\/wp-json\/wp\/v2\/pages"}],"about":[{"href":"https:\/\/www.bo-gyo-bremen.de\/index.php\/wp-json\/wp\/v2\/types\/page"}],"author":[{"embeddable":true,"href":"https:\/\/www.bo-gyo-bremen.de\/index.php\/wp-json\/wp\/v2\/users\/4"}],"replies":[{"embeddable":true,"href":"https:\/\/www.bo-gyo-bremen.de\/index.php\/wp-json\/wp\/v2\/comments?post=500"}],"version-history":[{"count":13,"href":"https:\/\/www.bo-gyo-bremen.de\/index.php\/wp-json\/wp\/v2\/pages\/500\/revisions"}],"predecessor-version":[{"id":527,"href":"https:\/\/www.bo-gyo-bremen.de\/index.php\/wp-json\/wp\/v2\/pages\/500\/revisions\/527"}],"wp:attachment":[{"href":"https:\/\/www.bo-gyo-bremen.de\/index.php\/wp-json\/wp\/v2\/media?parent=500"}],"curies":[{"name":"wp","href":"https:\/\/api.w.org\/{rel}","templated":true}]}}