{"id":359,"date":"2021-07-13T13:23:05","date_gmt":"2021-07-13T11:23:05","guid":{"rendered":"https:\/\/www.bo-gyo-bremen.de\/?page_id=359"},"modified":"2022-03-05T16:32:36","modified_gmt":"2022-03-05T15:32:36","slug":"digitale-praxiskontakte","status":"publish","type":"page","link":"https:\/\/www.bo-gyo-bremen.de\/index.php\/digitale-praxiskontakte\/","title":{"rendered":"Digitale Praxiskontakte"},"content":{"rendered":"\n<p>Die in der beruflichen Orientierung so hilfreichen und notwendigen Praxiskontakte sind insbesondere in pandemischen Zeiten vor Herausforderungen gestellt, auf die im BoGyO &#8211; Projekt digitalisierte Antworten gefunden werden konnten. Dazu wurden diverse Expert*inneninterviews mit Auszubildenden, Ausbilder*innen und Berufst\u00e4tigen in Bremer Unternehmen gef\u00fchrt. Diese geben hilfreiche Einblicke in berufliche Positionen und T\u00e4tigkeitsfelder, individuelle Berufsbiographien, Fort- und Weiterbildungsm\u00f6glichkeiten sowie viele andere Informationen, die die Orientierung in der Berufswahlentscheidung erleichtern und Klarheit schaffen k\u00f6nnen.<br>Insgesamt finden Sie 16 Expert*inneninterviews im itslearning-Kurs \u201efind your way\u201c. Dabei lernen Sie Perspektiven aus Unternehmen wie der BLG Logistics Group, OHB, Gesundheit Nord, dem Fraunhofer Institut, der Volkshochschule u.a. kennen. Eine kleine Auswahl zum Hineinschnuppern finden Sie bereits hier.<\/p>\n\n\n\n<p><\/p>\n\n\n\n<p><\/p>\n\n\n\n<p><code><div class=\"h5p-iframe-wrapper\"><iframe id=\"h5p-iframe-13\" class=\"h5p-iframe\" data-content-id=\"13\" style=\"height:1px\" src=\"about:blank\" frameBorder=\"0\" scrolling=\"no\" title=\"BLG LOGISTICS GROUP Andrew Safo\"><\/iframe><\/div><\/code><\/p>\n\n\n\n<p><code><div class=\"h5p-iframe-wrapper\"><iframe id=\"h5p-iframe-16\" class=\"h5p-iframe\" data-content-id=\"16\" style=\"height:1px\" src=\"about:blank\" frameBorder=\"0\" scrolling=\"no\" title=\"Gesundheit Nord Daniela Wendorff\"><\/iframe><\/div><\/code><\/p>\n\n\n\n<div class=\"h5p-iframe-wrapper\"><iframe id=\"h5p-iframe-7\" class=\"h5p-iframe\" data-content-id=\"7\" style=\"height:1px\" src=\"about:blank\" frameBorder=\"0\" scrolling=\"no\" title=\"Gesundheit Nord_Klaus Peter Hermes_alt\"><\/iframe><\/div>\n\n\n\n<div class=\"h5p-iframe-wrapper\"><iframe id=\"h5p-iframe-2\" class=\"h5p-iframe\" data-content-id=\"2\" style=\"height:1px\" src=\"about:blank\" frameBorder=\"0\" scrolling=\"no\" title=\"Fraunhofer IFAM_alt\"><\/iframe><\/div>\n\n\n\n\n\n\n\n\n\n\n\n<p><code><div class=\"h5p-iframe-wrapper\"><iframe id=\"h5p-iframe-18\" class=\"h5p-iframe\" data-content-id=\"18\" style=\"height:1px\" src=\"about:blank\" frameBorder=\"0\" scrolling=\"no\" title=\"Gesundheit Nord Timo Brunn\u00e9e\"><\/iframe><\/div><\/code><\/p>\n","protected":false},"excerpt":{"rendered":"<p>Die in der beruflichen Orientierung so hilfreichen und notwendigen Praxiskontakte sind insbesondere in pandemischen Zeiten vor Herausforderungen gestellt, auf die im BoGyO &#8211; Projekt digitalisierte Antworten gefunden werden konnten. Dazu wurden diverse Expert*inneninterviews mit Auszubildenden, Ausbilder*innen und Berufst\u00e4tigen in Bremer Unternehmen gef\u00fchrt. Diese geben hilfreiche Einblicke in berufliche Positionen und T\u00e4tigkeitsfelder, individuelle Berufsbiographien, Fort- und<\/p><\/div>\n<div class=\"blog-btn\"><a href=\"https:\/\/www.bo-gyo-bremen.de\/index.php\/digitale-praxiskontakte\/\" class=\"home-blog-btn\">Weiterlesen<\/a><\/p>\n","protected":false},"author":4,"featured_media":0,"parent":0,"menu_order":0,"comment_status":"closed","ping_status":"closed","template":"","meta":{"footnotes":""},"class_list":["post-359","page","type-page","status-publish","hentry"],"_links":{"self":[{"href":"https:\/\/www.bo-gyo-bremen.de\/index.php\/wp-json\/wp\/v2\/pages\/359","targetHints":{"allow":["GET"]}}],"collection":[{"href":"https:\/\/www.bo-gyo-bremen.de\/index.php\/wp-json\/wp\/v2\/pages"}],"about":[{"href":"https:\/\/www.bo-gyo-bremen.de\/index.php\/wp-json\/wp\/v2\/types\/page"}],"author":[{"embeddable":true,"href":"https:\/\/www.bo-gyo-bremen.de\/index.php\/wp-json\/wp\/v2\/users\/4"}],"replies":[{"embeddable":true,"href":"https:\/\/www.bo-gyo-bremen.de\/index.php\/wp-json\/wp\/v2\/comments?post=359"}],"version-history":[{"count":18,"href":"https:\/\/www.bo-gyo-bremen.de\/index.php\/wp-json\/wp\/v2\/pages\/359\/revisions"}],"predecessor-version":[{"id":537,"href":"https:\/\/www.bo-gyo-bremen.de\/index.php\/wp-json\/wp\/v2\/pages\/359\/revisions\/537"}],"wp:attachment":[{"href":"https:\/\/www.bo-gyo-bremen.de\/index.php\/wp-json\/wp\/v2\/media?parent=359"}],"curies":[{"name":"wp","href":"https:\/\/api.w.org\/{rel}","templated":true}]}}