{"id":231,"date":"2019-11-09T19:05:36","date_gmt":"2019-11-09T18:05:36","guid":{"rendered":"http:\/\/www.bo-gyo-bremen.de\/?page_id=231"},"modified":"2021-11-04T13:07:42","modified_gmt":"2021-11-04T12:07:42","slug":"informationen-fuer-schuelerinnen","status":"publish","type":"page","link":"https:\/\/www.bo-gyo-bremen.de\/index.php\/informationen-fuer-schuelerinnen\/","title":{"rendered":"Information f\u00fcr Sch\u00fcler*innen"},"content":{"rendered":"\n<p>Im&nbsp;<strong>Projekt BOGyO \u2013 Berufliche Orientierung an den gymnasialen Oberstufen<\/strong>&nbsp;geht es darum, die Berufliche Orientierung an Ihren Schulen weiterzuentwickeln.<\/p>\n\n\n\n<p>Hierzu k\u00f6nnen Ihre Schulen an verschiedenen Ma\u00dfnahmen teilnehmen, die Ihre berufliche Orientierung in den Mittelpunkt stellen und Sie dabei unterst\u00fctzen sollen, den passenden Beruf oder das passende Studium zu finden.<\/p>\n\n\n\n<p>Hierzu k\u00f6nnen Sie unter anderem am&nbsp;<strong>geva-Tests<\/strong>&nbsp;teilnehmen. Der geva-Test ist ein bew\u00e4hrter Test zur Kompetenzfeststellung mit Blick auf Ihre Berufs- und Studienwahl.&nbsp;&nbsp;Die fundierte Berufsorientierung wird dabei sinnvoll durch ein&nbsp;<strong>pers\u00f6nliches Feedback-Gespr\u00e4ch<\/strong>&nbsp;erg\u00e4nzt.&nbsp;Hier haben&nbsp;Sie die M\u00f6glichkeit Ihre Testergebnisse gemeinsam zu reflektieren und sich zielgerecht eigener Schl\u00fcsselqualifikationen, beruflicher Interessen und kognitiver Leistungen verst\u00e4rkt bewusst zu werden und verschiedene Entwicklungspotentiale f\u00fcr sich zu betrachten.<\/p>\n\n\n\n<p><strong>Haben Sie Interesse an Feedback-Gespr\u00e4chen?<\/strong>\u00a0Dann wenden Sie sich einfach an Susanne Lichtenberg und Thomas M\u00fcller (BWU) unter dieser Mailadresse:<br><strong>lichtenberg@bwu-bremen.de<\/strong>\u00a0oder\u00a0<strong>mueller@bwu-bremen.de<\/strong><\/p>\n\n\n\n<p>Erg\u00e4nzend dazu unterst\u00fctzen wir ihre Schulen bei der Durchf\u00fchrung eines&nbsp;<strong>itslearning-Kurs<\/strong>&nbsp;zur Beruflichen Orientierung und bei der Nutzung der&nbsp;<strong>Futurebox<\/strong>, einem e-portfolio zur Dokumentation der Erfahrungen und Ergebnisse im Prozess eurer Studien- und Berufsorientierung.<\/p>\n\n\n\n<p>Damit Sie auch in Zeiten von Corona nicht auf Ihre Berufs- und Studienorientierung verzichten m\u00fcssen, werden aktuell \u201eExpert*inneninterviews\u201c in Unternehmen durchgef\u00fchrt, die die individuelle Berufslaufbahnorientierung der Interviewten, die Auseinandersetzung mit konkreten Arbeitsfeldern und \u2013bedingungen sowie die Pr\u00e4sentation des Unternehmens abbilden.<\/p>\n\n\n\n<p>Bei Fragen zu den Angeboten wenden Sie sich einfach an Julia Tietjen (Universit\u00e4t Bremen) unter dieser Mailadresse: julia.tietjen@uni-bremen.de<\/p>\n\n\n\n<p>Die&nbsp;Durchf\u00fchrung dieser Ma\u00dfnahmen wird wissenschaftlich begleitet. Das bedeutet vor und ggf. nach der Teilnahme an den Angeboten des BO-GyO Projektes werden durch die Universit\u00e4t Bremen und das Institut der \u00d6konomischen Bildung an der Universit\u00e4t Oldenburg&nbsp;<strong>Befragungen durchgef\u00fchrt.<\/strong>&nbsp;Die Teilnahme ist f\u00fcr Sie selbstverst\u00e4ndlich&nbsp;<strong>anonym und freiwillig.<\/strong><\/p>\n\n\n\n<p><strong>Projektlaufzeit<\/strong>: Schuljahr 2018\/19 bis Ende Schuljahr 2020\/21<\/p>\n","protected":false},"excerpt":{"rendered":"<p>Im&nbsp;Projekt BOGyO \u2013 Berufliche Orientierung an den gymnasialen Oberstufen&nbsp;geht es darum, die Berufliche Orientierung an Ihren Schulen weiterzuentwickeln. Hierzu k\u00f6nnen Ihre Schulen an verschiedenen Ma\u00dfnahmen teilnehmen, die Ihre berufliche Orientierung in den Mittelpunkt stellen und Sie dabei unterst\u00fctzen sollen, den passenden Beruf oder das passende Studium zu finden. Hierzu k\u00f6nnen Sie unter anderem am&nbsp;geva-Tests&nbsp;teilnehmen. Der<\/p><\/div>\n<div class=\"blog-btn\"><a href=\"https:\/\/www.bo-gyo-bremen.de\/index.php\/informationen-fuer-schuelerinnen\/\" class=\"home-blog-btn\">Weiterlesen<\/a><\/p>\n","protected":false},"author":3,"featured_media":0,"parent":0,"menu_order":0,"comment_status":"closed","ping_status":"closed","template":"","meta":{"footnotes":""},"class_list":["post-231","page","type-page","status-publish","hentry"],"_links":{"self":[{"href":"https:\/\/www.bo-gyo-bremen.de\/index.php\/wp-json\/wp\/v2\/pages\/231","targetHints":{"allow":["GET"]}}],"collection":[{"href":"https:\/\/www.bo-gyo-bremen.de\/index.php\/wp-json\/wp\/v2\/pages"}],"about":[{"href":"https:\/\/www.bo-gyo-bremen.de\/index.php\/wp-json\/wp\/v2\/types\/page"}],"author":[{"embeddable":true,"href":"https:\/\/www.bo-gyo-bremen.de\/index.php\/wp-json\/wp\/v2\/users\/3"}],"replies":[{"embeddable":true,"href":"https:\/\/www.bo-gyo-bremen.de\/index.php\/wp-json\/wp\/v2\/comments?post=231"}],"version-history":[{"count":9,"href":"https:\/\/www.bo-gyo-bremen.de\/index.php\/wp-json\/wp\/v2\/pages\/231\/revisions"}],"predecessor-version":[{"id":434,"href":"https:\/\/www.bo-gyo-bremen.de\/index.php\/wp-json\/wp\/v2\/pages\/231\/revisions\/434"}],"wp:attachment":[{"href":"https:\/\/www.bo-gyo-bremen.de\/index.php\/wp-json\/wp\/v2\/media?parent=231"}],"curies":[{"name":"wp","href":"https:\/\/api.w.org\/{rel}","templated":true}]}}