{"id":179,"date":"2019-11-01T15:26:46","date_gmt":"2019-11-01T14:26:46","guid":{"rendered":"http:\/\/www.bo-gyo-bremen.de\/?page_id=179"},"modified":"2021-02-16T16:49:05","modified_gmt":"2021-02-16T15:49:05","slug":"informationen-fuer-eltern-und-bezugspersonen","status":"publish","type":"page","link":"https:\/\/www.bo-gyo-bremen.de\/index.php\/informationen-fuer-eltern-und-bezugspersonen\/","title":{"rendered":"Informationen f\u00fcr Eltern und Bezugspersonen"},"content":{"rendered":"\n<p>Das\u00a0<strong>Projekt BOGyO \u2013 Berufliche Orientierung an den gymnasialen Oberstufen<\/strong>\u00a0im Land Bremen \u2013 hat zum Ziel die Berufliche Orientierung an den Oberstufen im Land Bremen weiterzuentwickeln.<\/p>\n\n\n\n<p>Im Rahmen der Projektlaufzeit k\u00f6nnen die Schulen ihrer Kinder an verschiedenen Ma\u00dfnahmen teilnehmen, die die&nbsp;<strong>berufliche Orientierung ihrer Kinder in den Mittelpunkt stellen<\/strong>.&nbsp;<\/p>\n\n\n\n<p>Hierzu geh\u00f6ren unter anderem die Durchf\u00fchrung des\u00a0<strong>geva-Tests<\/strong>\u00a0\u2013 ein bew\u00e4hrter Test auf freiwilliger Basis zur Kompetenzfeststellung und Leistungsf\u00e4higkeit mit Blick auf Berufs- und Studienwahl \u2013 und anschlie\u00dfende Feedbackgespr\u00e4che zu den Ergebnissen des Tests f\u00fcr Ihre Kinder.\u00a0<\/p>\n\n\n\n<p>Die Feedback-Gespr\u00e4che bieten ihren Kindern die M\u00f6glichkeit sich ihrer individuellen Schl\u00fcsselqualifikationen, beruflichen Interessen und kognitiver Leistungen bewusst zu werden und verschiedene Entwicklungspotentiale f\u00fcr sich in Betracht zu ziehen. Datenschutz und die Wahrung der Privatsph\u00e4re genie\u00dfen dabei oberste Priorit\u00e4t.<\/p>\n\n\n\n<p>Erg\u00e4nzend unterst\u00fctzen wir die Schulen Ihrer Kinder bei der Durchf\u00fchrung eines\u00a0<strong>itslearning-Kurs<\/strong>\u00a0zur Beruflichen Orientierung und bei der Nutzung der\u00a0<strong>Futurebox<\/strong>\u00a0\u2013 ein e-portfolio zur Dokumentation der Erfahrungen und Ergebnisse im Prozess der Studien- und Berufsorientierung, sowie der Weiterentwicklung der Beruflichen Orientierung im Rahmen des Unterrichts und der schuleigenen BO-Konzepte.<\/p>\n\n\n\n<p>Damit Ihre Kinder auch in Zeiten von Corona nicht auf Berufs- und Studienorientierung verzichten m\u00fcssen, werden aktuell <strong>\u201eExpert*inneninterviews\u201c<\/strong> in Unternehmen durchgef\u00fchrt, die die individuelle Berufslaufbahnorientierung der Interviewten, die Auseinandersetzung mit konkreten Arbeitsfeldern und \u2013bedingungen sowie die Pr\u00e4sentation des Unternehmens f\u00fcr Ihre Kinder erfahrbar machen und sie in ihrer Berufswahl st\u00e4rken.<\/p>\n\n\n\n<p>Diese Angebote werden im Auftrag der <strong>Senatorin f\u00fcr Kinder und Bildung<\/strong> durchgef\u00fchrt. Erste Erfahrungen haben gezeigt, dass die angebotenen Ma\u00dfnahmen bei den Sch\u00fcler*innen auf gute Resonanz treffen.&nbsp;<\/p>\n\n\n\n<p>Bei Fragen zu den Angeboten wenden Sie sich einfach an Lisa Vogt (Universit\u00e4t Bremen) unter dieser Mailadresse: l.vogt@uni-bremen.de<\/p>\n\n\n\n<p>Die&nbsp;Durchf\u00fchrung dieser Ma\u00dfnahmen wird wissenschaftlich begleitet. Das bedeutet vor und ggf. nach der Teilnahme an den Angeboten des BO-GyO Projektes werden durch die Universit\u00e4t Bremen und das Institut der \u00d6konomischen Bildung an der Universit\u00e4t Oldenburg&nbsp;<strong>Befragungen durchgef\u00fchrt.<\/strong>&nbsp;Diese Befragungen richten sich an die Sch\u00fcler*innen, um z.B. den Berufswahlstatus abzufragen oder die durchgef\u00fchrten Angebote zu evaluieren. Die Teilnahme ist f\u00fcr ihre Kinder selbstverst\u00e4ndlich&nbsp;<strong>anonym und freiwillig.<\/strong><\/p>\n\n\n\n<p><strong>Auftraggeber:<\/strong>&nbsp;Die Senatorin f\u00fcr Kinder und Bildung Bremen<\/p>\n\n\n\n<p><strong>Projektlaufzeit<\/strong>: Schuljahr 2018\/19 bis Ende Schuljahr 2020\/21<\/p>\n\n\n\n<p><strong>F\u00f6rderung:<\/strong>&nbsp;Bundesministerium f\u00fcr Bildung und Forschung<\/p>\n","protected":false},"excerpt":{"rendered":"<p>Das\u00a0Projekt BOGyO \u2013 Berufliche Orientierung an den gymnasialen Oberstufen\u00a0im Land Bremen \u2013 hat zum Ziel die Berufliche Orientierung an den Oberstufen im Land Bremen weiterzuentwickeln. Im Rahmen der Projektlaufzeit k\u00f6nnen die Schulen ihrer Kinder an verschiedenen Ma\u00dfnahmen teilnehmen, die die&nbsp;berufliche Orientierung ihrer Kinder in den Mittelpunkt stellen.&nbsp; Hierzu geh\u00f6ren unter anderem die Durchf\u00fchrung des\u00a0geva-Tests\u00a0\u2013 ein<\/p><\/div>\n<div class=\"blog-btn\"><a href=\"https:\/\/www.bo-gyo-bremen.de\/index.php\/informationen-fuer-eltern-und-bezugspersonen\/\" class=\"home-blog-btn\">Weiterlesen<\/a><\/p>\n","protected":false},"author":3,"featured_media":0,"parent":0,"menu_order":0,"comment_status":"closed","ping_status":"closed","template":"","meta":{"footnotes":""},"class_list":["post-179","page","type-page","status-publish","hentry"],"_links":{"self":[{"href":"https:\/\/www.bo-gyo-bremen.de\/index.php\/wp-json\/wp\/v2\/pages\/179","targetHints":{"allow":["GET"]}}],"collection":[{"href":"https:\/\/www.bo-gyo-bremen.de\/index.php\/wp-json\/wp\/v2\/pages"}],"about":[{"href":"https:\/\/www.bo-gyo-bremen.de\/index.php\/wp-json\/wp\/v2\/types\/page"}],"author":[{"embeddable":true,"href":"https:\/\/www.bo-gyo-bremen.de\/index.php\/wp-json\/wp\/v2\/users\/3"}],"replies":[{"embeddable":true,"href":"https:\/\/www.bo-gyo-bremen.de\/index.php\/wp-json\/wp\/v2\/comments?post=179"}],"version-history":[{"count":5,"href":"https:\/\/www.bo-gyo-bremen.de\/index.php\/wp-json\/wp\/v2\/pages\/179\/revisions"}],"predecessor-version":[{"id":312,"href":"https:\/\/www.bo-gyo-bremen.de\/index.php\/wp-json\/wp\/v2\/pages\/179\/revisions\/312"}],"wp:attachment":[{"href":"https:\/\/www.bo-gyo-bremen.de\/index.php\/wp-json\/wp\/v2\/media?parent=179"}],"curies":[{"name":"wp","href":"https:\/\/api.w.org\/{rel}","templated":true}]}}