{"id":160,"date":"2019-11-01T13:51:15","date_gmt":"2019-11-01T12:51:15","guid":{"rendered":"http:\/\/www.bo-gyo-bremen.de\/?page_id=160"},"modified":"2021-11-16T21:45:54","modified_gmt":"2021-11-16T20:45:54","slug":"ansprechpartner","status":"publish","type":"page","link":"https:\/\/www.bo-gyo-bremen.de\/index.php\/ansprechpartner\/","title":{"rendered":"Ansprechpartner*innen"},"content":{"rendered":"\n<h5 class=\"wp-block-heading\">Zentrale Ansprechpartnerin f\u00fcr alle Fragen: <br \/>Julia Tietjen, ITB\/Universit\u00e4t Bremen: julia.tietjen@uni-bremen.de<\/h5>\n\n\n\n<p>F\u00fcr spezifische Fragen, k\u00f6nnen Sie sich auch gern an die einzelnen Projektbeteiligten wenden:<\/p>\n\n\n\n<figure class=\"wp-block-image size-large\"><img loading=\"lazy\" decoding=\"async\" width=\"854\" height=\"1093\" src=\"https:\/\/www.bo-gyo-bremen.de\/wp-content\/uploads\/2021\/11\/img_0164.jpg\" alt=\"\" class=\"wp-image-451\" srcset=\"https:\/\/www.bo-gyo-bremen.de\/wp-content\/uploads\/2021\/11\/img_0164.jpg 854w, https:\/\/www.bo-gyo-bremen.de\/wp-content\/uploads\/2021\/11\/img_0164-234x300.jpg 234w, https:\/\/www.bo-gyo-bremen.de\/wp-content\/uploads\/2021\/11\/img_0164-800x1024.jpg 800w, https:\/\/www.bo-gyo-bremen.de\/wp-content\/uploads\/2021\/11\/img_0164-768x983.jpg 768w\" sizes=\"auto, (max-width: 854px) 100vw, 854px\" \/><\/figure>\n\n\n\n<div class=\"wp-block-columns is-layout-flex wp-container-core-columns-is-layout-28f84493 wp-block-columns-is-layout-flex\">\n<div class=\"wp-block-column is-layout-flow wp-block-column-is-layout-flow\" style=\"flex-basis:100%\">\n<div class=\"wp-block-group\"><div class=\"wp-block-group__inner-container is-layout-flow wp-block-group-is-layout-flow\">\n<div class=\"wp-block-columns is-layout-flex wp-container-core-columns-is-layout-28f84493 wp-block-columns-is-layout-flex\">\n<div class=\"wp-block-column is-layout-flow wp-block-column-is-layout-flow\" style=\"flex-basis:100%\">\n<div class=\"wp-block-group\"><div class=\"wp-block-group__inner-container is-layout-flow wp-block-group-is-layout-flow\"><\/div><\/div>\n<\/div>\n<\/div>\n<\/div><\/div>\n<\/div>\n<\/div>\n","protected":false},"excerpt":{"rendered":"<p>Zentrale Ansprechpartnerin f\u00fcr alle Fragen: Julia Tietjen, ITB\/Universit\u00e4t Bremen: julia.tietjen@uni-bremen.de F\u00fcr spezifische Fragen, k\u00f6nnen Sie sich auch gern an die einzelnen Projektbeteiligten wenden:<\/p>\n","protected":false},"author":3,"featured_media":0,"parent":0,"menu_order":0,"comment_status":"closed","ping_status":"closed","template":"","meta":{"footnotes":""},"class_list":["post-160","page","type-page","status-publish","hentry"],"_links":{"self":[{"href":"https:\/\/www.bo-gyo-bremen.de\/index.php\/wp-json\/wp\/v2\/pages\/160","targetHints":{"allow":["GET"]}}],"collection":[{"href":"https:\/\/www.bo-gyo-bremen.de\/index.php\/wp-json\/wp\/v2\/pages"}],"about":[{"href":"https:\/\/www.bo-gyo-bremen.de\/index.php\/wp-json\/wp\/v2\/types\/page"}],"author":[{"embeddable":true,"href":"https:\/\/www.bo-gyo-bremen.de\/index.php\/wp-json\/wp\/v2\/users\/3"}],"replies":[{"embeddable":true,"href":"https:\/\/www.bo-gyo-bremen.de\/index.php\/wp-json\/wp\/v2\/comments?post=160"}],"version-history":[{"count":31,"href":"https:\/\/www.bo-gyo-bremen.de\/index.php\/wp-json\/wp\/v2\/pages\/160\/revisions"}],"predecessor-version":[{"id":454,"href":"https:\/\/www.bo-gyo-bremen.de\/index.php\/wp-json\/wp\/v2\/pages\/160\/revisions\/454"}],"wp:attachment":[{"href":"https:\/\/www.bo-gyo-bremen.de\/index.php\/wp-json\/wp\/v2\/media?parent=160"}],"curies":[{"name":"wp","href":"https:\/\/api.w.org\/{rel}","templated":true}]}}